{"id":5388,"date":"2025-02-13T13:59:34","date_gmt":"2025-02-13T13:59:34","guid":{"rendered":"https:\/\/sakarabellesa.com\/elite\/"},"modified":"2025-09-19T15:51:56","modified_gmt":"2025-09-19T15:51:56","slug":"elite","status":"publish","type":"page","link":"https:\/\/sakarabellesa.com\/es\/elite\/","title":{"rendered":"Elite"},"content":{"rendered":"<div class=\"gb-container gb-container-9a2ac6fd alignfull\" id=\"section1\"><div class=\"gb-inside-container\">\n<div class=\"gb-container gb-container-319b444a\">\n\n<h1 class=\"gb-headline gb-headline-5b86b71a gb-headline-text\">Tratamientos top:<\/h1>\n\n\n\n<h1 class=\"gb-headline gb-headline-e32070ba gb-headline-text\">personalizaci\u00f3n y resultados al m\u00e1s alto nivel<\/h1>\n\n\n<div class=\"gb-container gb-container-fbea1e69\"><\/div>\n\n\n<p class=\"gb-headline gb-headline-9a50c39b gb-headline-text\" data-aos=\"fade-up\">La lista de tratamientos faciales del centro es amplia y variada. En cuanto al producto, estoy orgullosa de decir que para gran parte de los trabajos uso la aromaterapia y las propiedades terap\u00e9uticas de los aceites esenciales para ayudar a mejorar la apariencia y bienestar de la piel, as\u00ed como relajar cuerpo y mente.&nbsp;<\/p>\n\n\n\n<p class=\"gb-headline gb-headline-13e0c900 gb-headline-text\" data-aos=\"fade-up\">Las sinergias de aceites esenciales son f\u00f3rmulas exclusivas desarrolladas espec\u00edficamente para el centro con s\u00f3lo productos de alta calidad y 100% naturales con m\u00e1xima concentraci\u00f3n de principios activos.<\/p>\n\n\n\n<p class=\"gb-headline gb-headline-33a2c050 gb-headline-text\" data-aos=\"fade-up\">Para cada preocupaci\u00f3n existe una soluci\u00f3n y las diferentes t\u00e9cnicas con las que trabajo, integradas dentro del campo de la kinesioest\u00e9tica, se adaptan a las necesidades individuales de cada una de ustedes, ya sean arrugas, flacidez, piel seca, deshidrataci\u00f3n, piel grasa, edema, manchas, etc.&nbsp;<\/p>\n\n\n\n<p class=\"gb-headline gb-headline-52bbc781 gb-headline-text\" data-aos=\"fade-up\">Si tienes alguna preocupaci\u00f3n espec\u00edfica, estar\u00e9 encantada de asesorarte y recomendarte el mejor tratamiento para tus necesidades. Estoy aqu\u00ed para ayudarte a conseguir tu mejor apariencia y sentirte bien contigo misma.<\/p>\n\n\n<div class=\"gb-container gb-container-53a639ea\">\n\n<h3 class=\"gb-headline gb-headline-e17b43bc\"><span class=\"gb-icon\"><svg xmlns=\"http:\/\/www.w3.org\/2000\/svg\" aria-hidden=\"true\" role=\"img\" height=\"1em\" width=\"1em\" viewBox=\"0 0 448 512\"><path fill=\"currentColor\" d=\"M16 132h416c8.837 0 16-7.163 16-16V76c0-8.837-7.163-16-16-16H16C7.163 60 0 67.163 0 76v40c0 8.837 7.163 16 16 16zm0 160h416c8.837 0 16-7.163 16-16v-40c0-8.837-7.163-16-16-16H16c-8.837 0-16 7.163-16 16v40c0 8.837 7.163 16 16 16zm0 160h416c8.837 0 16-7.163 16-16v-40c0-8.837-7.163-16-16-16H16c-8.837 0-16 7.163-16 16v40c0 8.837 7.163 16 16 16z\"><\/path><\/svg><\/span><span class=\"gb-headline-text\"><a href=\"https:\/\/sakarabellesa.com\/es\/tratamiento-reafirmante-facial\/\">Sublime Skin<\/a><\/span><\/h3>\n\n\n\n<h3 class=\"gb-headline gb-headline-02776644\"><span class=\"gb-icon\"><svg xmlns=\"http:\/\/www.w3.org\/2000\/svg\" aria-hidden=\"true\" role=\"img\" height=\"1em\" width=\"1em\" viewBox=\"0 0 448 512\"><path fill=\"currentColor\" d=\"M16 132h416c8.837 0 16-7.163 16-16V76c0-8.837-7.163-16-16-16H16C7.163 60 0 67.163 0 76v40c0 8.837 7.163 16 16 16zm0 160h416c8.837 0 16-7.163 16-16v-40c0-8.837-7.163-16-16-16H16c-8.837 0-16 7.163-16 16v40c0 8.837 7.163 16 16 16zm0 160h416c8.837 0 16-7.163 16-16v-40c0-8.837-7.163-16-16-16H16c-8.837 0-16 7.163-16 16v40c0 8.837 7.163 16 16 16z\"><\/path><\/svg><\/span><span class=\"gb-headline-text\"><a href=\"https:\/\/sakarabellesa.com\/es\/signature\/\">Signature<\/a><\/span><\/h3>\n\n\n\n<h3 class=\"gb-headline gb-headline-3f8a7872\"><span class=\"gb-icon\"><svg xmlns=\"http:\/\/www.w3.org\/2000\/svg\" aria-hidden=\"true\" role=\"img\" height=\"1em\" width=\"1em\" viewBox=\"0 0 448 512\"><path fill=\"currentColor\" d=\"M16 132h416c8.837 0 16-7.163 16-16V76c0-8.837-7.163-16-16-16H16C7.163 60 0 67.163 0 76v40c0 8.837 7.163 16 16 16zm0 160h416c8.837 0 16-7.163 16-16v-40c0-8.837-7.163-16-16-16H16c-8.837 0-16 7.163-16 16v40c0 8.837 7.163 16 16 16zm0 160h416c8.837 0 16-7.163 16-16v-40c0-8.837-7.163-16-16-16H16c-8.837 0-16 7.163-16 16v40c0 8.837 7.163 16 16 16z\"><\/path><\/svg><\/span><span class=\"gb-headline-text\"><a href=\"https:\/\/sakarabellesa.com\/es\/kinesio\/\">Kinesio<\/a><\/span><\/h3>\n\n\n\n<h3 class=\"gb-headline gb-headline-a4053fdb\"><span class=\"gb-icon\"><svg xmlns=\"http:\/\/www.w3.org\/2000\/svg\" aria-hidden=\"true\" role=\"img\" height=\"1em\" width=\"1em\" viewBox=\"0 0 448 512\"><path fill=\"currentColor\" d=\"M16 132h416c8.837 0 16-7.163 16-16V76c0-8.837-7.163-16-16-16H16C7.163 60 0 67.163 0 76v40c0 8.837 7.163 16 16 16zm0 160h416c8.837 0 16-7.163 16-16v-40c0-8.837-7.163-16-16-16H16c-8.837 0-16 7.163-16 16v40c0 8.837 7.163 16 16 16zm0 160h416c8.837 0 16-7.163 16-16v-40c0-8.837-7.163-16-16-16H16c-8.837 0-16 7.163-16 16v40c0 8.837 7.163 16 16 16z\"><\/path><\/svg><\/span><span class=\"gb-headline-text\"><a href=\"https:\/\/sakarabellesa.com\/es\/elite\/\">Elite<\/a><\/span><\/h3>\n\n<\/div>\n<\/div>\n<\/div><\/div>\n\n<div class=\"gb-container gb-container-8f623a81 alignfull\" id=\"sculping\"><div class=\"gb-inside-container\">\n<div class=\"gb-container gb-container-7f952453\">\n<div class=\"gb-container gb-container-31fc5d28\">\n\n<h2 class=\"gb-headline gb-headline-50fff069 gb-headline-text\" data-aos=\"fade-down\">Sakara Sculping Experience<\/h2>\n\n\n\n<p class=\"gb-headline gb-headline-56f6ae0c gb-headline-text\" data-aos=\"fade-up\">Tratamiento de shock ideal para hidratar, nutrir, oxigenar y reafirmar la piel as\u00ed como aportar luminosidad impulsando la renovaci\u00f3n celular.<br>D\u00e9jate sorprender por nuestras t\u00e9cnicas manuales innovadoras y revolucionarias comprobadas cient\u00edficamente para conseguir liberar los tejidos as\u00ed como las tensiones acumuladas en la musculatura del rostro, cuello, escote y zona cervical.<br>Mejorar\u00e1 visiblemente el aspecto de tu rostro: arrugas, firmeza, consistencia y luminosidad, as\u00ed como su bienestar general.<\/p>\n\n\n\n<p class=\"gb-headline gb-headline-dbf37b48 gb-headline-text\" data-aos=\"fade-up\"><strong>&#8211; <strong>Techs<\/strong>:<\/strong> T\u00e9cnicas kinesio, BMS, EMS, corrientes galv\u00e1nicas y LED.<br><strong>&#8211; Focus:<\/strong> piel, m\u00fasculo y estructura \u00f3sea.<br><strong>&#8211; Beneficis:<\/strong> antiarrugas, reafirmante, unificaci\u00f3n del tono, hidratante, regenerante, oxigenante, antioxidante, eliminaci\u00f3n de toxinas y lifting remodelante.<\/p>\n\n\n<div class=\"gb-container gb-container-26ea7a9e\">\n\n<p class=\"gb-headline gb-headline-9c7eae90\"><span class=\"gb-icon\"><svg xmlns=\"http:\/\/www.w3.org\/2000\/svg\" aria-hidden=\"true\" role=\"img\" height=\"1em\" width=\"1em\" viewBox=\"0 0 512 512\"><path fill=\"currentColor\" d=\"M256 8C119.033 8 8 119.033 8 256s111.033 248 248 248 248-111.033 248-248S392.967 8 256 8zm0 48c110.532 0 200 89.451 200 200 0 110.532-89.451 200-200 200-110.532 0-200-89.451-200-200 0-110.532 89.451-200 200-200m140.204 130.267l-22.536-22.718c-4.667-4.705-12.265-4.736-16.97-.068L215.346 303.697l-59.792-60.277c-4.667-4.705-12.265-4.736-16.97-.069l-22.719 22.536c-4.705 4.667-4.736 12.265-.068 16.971l90.781 91.516c4.667 4.705 12.265 4.736 16.97.068l172.589-171.204c4.704-4.668 4.734-12.266.067-16.971z\"><\/path><\/svg><\/span><span class=\"gb-headline-text\"><strong>Precio:<\/strong> 165 \u20ac<\/span><\/p>\n\n\n\n<p class=\"gb-headline gb-headline-78aa02b3\"><span class=\"gb-icon\"><svg xmlns=\"http:\/\/www.w3.org\/2000\/svg\" aria-hidden=\"true\" role=\"img\" height=\"1em\" width=\"1em\" viewBox=\"0 0 512 512\"><path fill=\"currentColor\" d=\"M256 8C119.033 8 8 119.033 8 256s111.033 248 248 248 248-111.033 248-248S392.967 8 256 8zm0 48c110.532 0 200 89.451 200 200 0 110.532-89.451 200-200 200-110.532 0-200-89.451-200-200 0-110.532 89.451-200 200-200m140.204 130.267l-22.536-22.718c-4.667-4.705-12.265-4.736-16.97-.068L215.346 303.697l-59.792-60.277c-4.667-4.705-12.265-4.736-16.97-.069l-22.719 22.536c-4.705 4.667-4.736 12.265-.068 16.971l90.781 91.516c4.667 4.705 12.265 4.736 16.97.068l172.589-171.204c4.704-4.668 4.734-12.266.067-16.971z\"><\/path><\/svg><\/span><span class=\"gb-headline-text\"><strong>Duraci\u00f3n:<\/strong> 90 min<\/span><\/p>\n\n<\/div>\n\n\n<a class=\"gb-button gb-button-5c7947ff gb-button-text\" href=\"https:\/\/sakarabellesa.com\/es\/contacto\/https:\/\/sakarabellesa.com\/es\/contacto\/\">Contactar<\/a>\n\n<\/div>\n<\/div>\n<\/div><\/div>\n\n<div class=\"gb-container gb-container-b0f5727b alignfull\" id=\"autokinesio\"><div class=\"gb-inside-container\">\n<div class=\"gb-container gb-container-a6333d26\">\n<div class=\"gb-container gb-container-b563c8c0\">\n\n<h2 class=\"gb-headline gb-headline-fbeee559 gb-headline-text\" data-aos=\"fade-down\">Autokinesio Training Session<\/h2>\n\n\n\n<p class=\"gb-headline gb-headline-29c4a96a gb-headline-text\" data-aos=\"fade-up\">Sesi\u00f3n personalizada donde aprender\u00e1s a realizarte t\u00fa misma las t\u00e9cnicas necesarias del programa de entrenamiento dise\u00f1ado para que consigas tus objetivos de belleza as\u00ed como a realizar un correcto mantenimiento de los tratamientos realizados en cabina.<\/p>\n\n\n<div class=\"gb-container gb-container-63db4873\">\n\n<p class=\"gb-headline gb-headline-21a3a134\"><span class=\"gb-icon\"><svg xmlns=\"http:\/\/www.w3.org\/2000\/svg\" aria-hidden=\"true\" role=\"img\" height=\"1em\" width=\"1em\" viewBox=\"0 0 512 512\"><path fill=\"currentColor\" d=\"M256 8C119.033 8 8 119.033 8 256s111.033 248 248 248 248-111.033 248-248S392.967 8 256 8zm0 48c110.532 0 200 89.451 200 200 0 110.532-89.451 200-200 200-110.532 0-200-89.451-200-200 0-110.532 89.451-200 200-200m140.204 130.267l-22.536-22.718c-4.667-4.705-12.265-4.736-16.97-.068L215.346 303.697l-59.792-60.277c-4.667-4.705-12.265-4.736-16.97-.069l-22.719 22.536c-4.705 4.667-4.736 12.265-.068 16.971l90.781 91.516c4.667 4.705 12.265 4.736 16.97.068l172.589-171.204c4.704-4.668 4.734-12.266.067-16.971z\"><\/path><\/svg><\/span><span class=\"gb-headline-text\"><strong>Precio:<\/strong> 140 \u20ac<\/span><\/p>\n\n\n\n<p class=\"gb-headline gb-headline-6b564ac1\"><span class=\"gb-icon\"><svg xmlns=\"http:\/\/www.w3.org\/2000\/svg\" aria-hidden=\"true\" role=\"img\" height=\"1em\" width=\"1em\" viewBox=\"0 0 512 512\"><path fill=\"currentColor\" d=\"M256 8C119.033 8 8 119.033 8 256s111.033 248 248 248 248-111.033 248-248S392.967 8 256 8zm0 48c110.532 0 200 89.451 200 200 0 110.532-89.451 200-200 200-110.532 0-200-89.451-200-200 0-110.532 89.451-200 200-200m140.204 130.267l-22.536-22.718c-4.667-4.705-12.265-4.736-16.97-.068L215.346 303.697l-59.792-60.277c-4.667-4.705-12.265-4.736-16.97-.069l-22.719 22.536c-4.705 4.667-4.736 12.265-.068 16.971l90.781 91.516c4.667 4.705 12.265 4.736 16.97.068l172.589-171.204c4.704-4.668 4.734-12.266.067-16.971z\"><\/path><\/svg><\/span><span class=\"gb-headline-text\"><strong>Duraci\u00f3n:<\/strong> 90 min<\/span><\/p>\n\n<\/div>\n\n\n<p class=\"gb-headline gb-headline-03431d63 gb-headline-text\" data-aos=\"fade-up\"><strong>&#8211; Focus:<\/strong> m\u00fasculo y estructura \u00f3sea.<br><strong>&#8211; Beneficios:<\/strong> remodelante, relajante muscular y lifting.<\/p>\n\n\n\n<a class=\"gb-button gb-button-ac07102c gb-button-text\" href=\"https:\/\/sakarabellesa.com\/es\/contacto\/\">Contactar<\/a>\n\n<\/div>\n<\/div>\n<\/div><\/div>\n\n<div class=\"gb-container gb-container-79d6c174 alignfull\" id=\"beneficis\"><div class=\"gb-inside-container\">\n<div class=\"gb-container gb-container-0a607f46\">\n\n<h2 class=\"gb-headline gb-headline-4803960f gb-headline-text\" data-aos=\"fade-down\">Un tratamiento personalizado por resultados visibles<\/h2>\n\n\n\n<h3 class=\"gb-headline gb-headline-eed2860b gb-headline-text\" data-aos=\"fade-down\">Beneficios del tratamiento Elite<\/h3>\n\n\n\n<p class=\"gb-headline gb-headline-0dd719ca gb-headline-text\" data-aos=\"fade-up\">El <strong>tratamiento Elite<\/strong> no s\u00f3lo trabaja la piel superficialmente, sino que tambi\u00e9n act\u00faa sobre las capas profundas, ayudando a:<\/p>\n\n\n<div class=\"gb-grid-wrapper gb-grid-wrapper-52d778cc\">\n<div class=\"gb-grid-column gb-grid-column-1c0976ea\"><div class=\"gb-container gb-container-1c0976ea\">\n\n<p class=\"gb-headline gb-headline-0237bacb gb-headline-text\" data-aos=\"fade-up\"><strong>Reactivar la producci\u00f3n de col\u00e1geno y elastina.<\/strong><\/p>\n\n<\/div><\/div>\n\n<div class=\"gb-grid-column gb-grid-column-5557cd7a\"><div class=\"gb-container gb-container-5557cd7a\">\n\n<p class=\"gb-headline gb-headline-afe26d7a gb-headline-text\" data-aos=\"fade-up\"><strong>Redefinir los contornos faciales.<\/strong><\/p>\n\n<\/div><\/div>\n\n<div class=\"gb-grid-column gb-grid-column-f2367b22\"><div class=\"gb-container gb-container-f2367b22\">\n\n<p class=\"gb-headline gb-headline-95555e34 gb-headline-text\" data-aos=\"fade-up\"><strong>Liberar tensiones acumuladas.<\/strong><\/p>\n\n<\/div><\/div>\n\n<div class=\"gb-grid-column gb-grid-column-71ef6952\"><div class=\"gb-container gb-container-71ef6952\">\n\n<p class=\"gb-headline gb-headline-110a18c1 gb-headline-text\" data-aos=\"fade-up\"><strong>Mejorar la circulaci\u00f3n sangu\u00ednea.<\/strong><\/p>\n\n<\/div><\/div>\n<\/div>\n\n<div class=\"gb-container gb-container-6bdd3b41\">\n\n<a class=\"gb-button gb-button-e35f0115 gb-button-text\" href=\"#contacto\">Saber m\u00e1s<\/a>\n\n<\/div>\n<\/div>\n<\/div><\/div>\n\n<div class=\"gb-container gb-container-d1d89ca2 alignfull\" id=\"faqs\"><div class=\"gb-inside-container\">\n<div class=\"gb-container gb-container-0b84214f\">\n\n<h2 class=\"gb-headline gb-headline-eaa17737 gb-headline-text\" data-aos=\"fade-down\">Preguntas Frecuentes<\/h2>\n\n\n<div id=\"rank-math-faq\" class=\"rank-math-block\">\n<div class=\"rank-math-list \">\n<div id=\"faq-question-1739299806600\" class=\"rank-math-list-item\">\n<h3 class=\"rank-math-question \"><strong>\u00bfCu\u00e1ndo se empiezan a notar resultados?<\/strong><\/h3>\n<div class=\"rank-math-answer \">\n\n<p>Los tratamientos <strong>Elite<\/strong>\u00a0ofrecen resultados visibles desde la\u00a0<strong>primera sesi\u00f3n<\/strong>. La\u00a0piel se ve m\u00e1s\u00a0<strong>luminosa, equilibrada y tonificada<\/strong>, y el\u00a0rostro recupera\u00a0<strong>simetr\u00eda y vitalidad<\/strong>.\u00a0<\/p>\n<p>Este efecto inmediato es fruto de la activaci\u00f3n neuromec\u00e1nica que se produce al trabajar puntos clave del sistema muscular y nervioso, liberando tensiones profundas y mejorando la comunicaci\u00f3n entre musculatura y cerebro.<\/p>\n<p>Sin embargo, dado que la kinesioest\u00e9tica busca <strong>reeducar el rostro desde dentro<\/strong>, los <strong>cambios m\u00e1s profundos y estables<\/strong> llegan con un ciclo de<strong> 4 a 6 sesiones<\/strong>. Este progresivo trabajo permite armonizar el rostro, restaurar el equilibrio funcional y mantener los resultados de forma m\u00e1s duradera en el tiempo. <\/p>\n\n<\/div>\n<\/div>\n<div id=\"faq-question-1739299832282\" class=\"rank-math-list-item\">\n<h3 class=\"rank-math-question \"><strong>\u00bfSon adecuados para todo tipo de piel?<\/strong><\/h3>\n<div class=\"rank-math-answer \">\n\n<p>S\u00ed, los tratamientos de <strong>Elite<\/strong> son altamente adaptables y adecuados para <strong>todos los tipos de piel<\/strong>, incluidas las m\u00e1s <strong>sensibles, reactivas o con desequilibrios espec\u00edficos<\/strong>. El trabajo respetuoso y profundo sobre la musculatura, el sistema nervioso y los tejidos permite personalizar cada sesi\u00f3n seg\u00fan necesidades individuales, garantizando una experiencia segura y efectiva. Por lo que respecta a la edad, estos tratamientos son <strong>id\u00f3neos tanto para pieles maduras como para personas j\u00f3venes<\/strong>. De hecho, iniciarse en el cuidado de la piel y las estructuras faciales en edades tempranas \u2014cuando todav\u00eda no hay signos visibles de deterioro\u2014 es una <strong>excelente manera de preservar el equilibrio funcional del rostro<\/strong>, manteniendo <strong>en buen estado las estructuras que con el tiempo tienden a debilitarse<\/strong>.   <\/p>\n<p>Es una inversi\u00f3n a largo plazo en la <strong>salud y la belleza natural del rostro<\/strong>, que ayuda a prevenir y conservar una expresi\u00f3n armoniosa, vital y coherente con tu bienestar interior.<\/p>\n\n<\/div>\n<\/div>\n<div id=\"faq-question-1739299852598\" class=\"rank-math-list-item\">\n<h3 class=\"rank-math-question \"><strong>\u00bfSon estos tratamientos invasivos?<\/strong><\/h3>\n<div class=\"rank-math-answer \">\n\n<p>No, los tratamientos <strong>Elite<\/strong> son completamente no invasivos e indoloros. Utilizamos t\u00e9cnicas manuales suaves pero profundas, junto a est\u00edmulos espec\u00edficos de tonificaci\u00f3n muscular y activaci\u00f3n del tejido, que se realizan siempre respetando el confort de la persona. <\/p>\n<p>Aunque en algunos momentos puede notarse una sensaci\u00f3n de activaci\u00f3n o intensidad \u2014sobre todo en zonas con tensi\u00f3n acumulada\u2014, nunca deber\u00eda ser una experiencia dolorosa. Por el contrario: muchas personas describen las sesiones como un momento de relajaci\u00f3n profunda y conexi\u00f3n con el propio rostro. <\/p>\n<p>El objetivo es trabajar en profundidad pero con respeto y escucha activa del cuerpo, para favorecer resultados visibles y una sensaci\u00f3n de bienestar real.<\/p>\n<p>Adem\u00e1s, <strong>la tecnolog\u00eda que utilizamos es siempre no invasiva<\/strong>: sistemas de penetraci\u00f3n de principios activos que no sobrecalentan los tejidos, frecuencias de luz con acci\u00f3n bioestimulante y otras herramientas dise\u00f1adas para activar procesos naturales sin generar da\u00f1o ni agresi\u00f3n.<\/p>\n<p>Y para completar la experiencia, <strong>toda la cosm\u00e9tica que utilizamos es libre de t\u00f3xicos y 100% natural<\/strong>, formulada para nutrir, proteger y respetar la piel en profundidad.<\/p>\n\n<\/div>\n<\/div>\n<div id=\"faq-question-1739299876193\" class=\"rank-math-list-item\">\n<h3 class=\"rank-math-question \"><strong>\u00bfPuedo combinarlos con otros tratamientos?<\/strong><\/h3>\n<div class=\"rank-math-answer \">\n\n<p>No. Los tratamientos <strong>Elite<\/strong> no se combinan con otros tratamientos, puesto que son sesiones de larga duraci\u00f3n y est\u00e1n dise\u00f1adas para trabajar en profundidad <strong>todas las necesidades del rostro y de la piel<\/strong> en el momento concreto en el que se realizan. Cada sesi\u00f3n se construye de forma personalizada, teniendo en cuenta el estado global de la piel, la musculatura y el tejido conectivo, y por tanto no necesita ser complementada con ning\u00fan otro tratamiento simult\u00e1neo.  <\/p>\n<p>Para quien quiera opciones m\u00e1s cortas o focalizadas, disponemos de una carta de servicios con tratamientos espec\u00edficos que <strong>s\u00ed pueden combinarse entre ellos<\/strong>, siempre bajo nuestro asesoramiento profesional y despu\u00e9s de una valoraci\u00f3n previa. Pero <strong>los tratamientos Elite son completos, integrales y no compatibles con combinaciones<\/strong> dentro de la misma sesi\u00f3n o d\u00eda. <\/p>\n\n<\/div>\n<\/div>\n<\/div>\n<\/div>\n<\/div>\n<\/div><\/div>\n\n<div class=\"gb-container gb-container-c3984a12\">\n\n<h3 class=\"gb-headline gb-headline-9495bcd4\"><span class=\"gb-icon\"><svg xmlns=\"http:\/\/www.w3.org\/2000\/svg\" aria-hidden=\"true\" role=\"img\" height=\"1em\" width=\"1em\" viewBox=\"0 0 448 512\"><path fill=\"currentColor\" d=\"M16 132h416c8.837 0 16-7.163 16-16V76c0-8.837-7.163-16-16-16H16C7.163 60 0 67.163 0 76v40c0 8.837 7.163 16 16 16zm0 160h416c8.837 0 16-7.163 16-16v-40c0-8.837-7.163-16-16-16H16c-8.837 0-16 7.163-16 16v40c0 8.837 7.163 16 16 16zm0 160h416c8.837 0 16-7.163 16-16v-40c0-8.837-7.163-16-16-16H16c-8.837 0-16 7.163-16 16v40c0 8.837 7.163 16 16 16z\"><\/path><\/svg><\/span><span class=\"gb-headline-text\"><a href=\"https:\/\/sakarabellesa.com\/es\/tratamiento-reafirmante-facial\/\">Sublime Skin<\/a><\/span><\/h3>\n\n\n\n<h3 class=\"gb-headline gb-headline-a295141b\"><span class=\"gb-icon\"><svg xmlns=\"http:\/\/www.w3.org\/2000\/svg\" aria-hidden=\"true\" role=\"img\" height=\"1em\" width=\"1em\" viewBox=\"0 0 448 512\"><path fill=\"currentColor\" d=\"M16 132h416c8.837 0 16-7.163 16-16V76c0-8.837-7.163-16-16-16H16C7.163 60 0 67.163 0 76v40c0 8.837 7.163 16 16 16zm0 160h416c8.837 0 16-7.163 16-16v-40c0-8.837-7.163-16-16-16H16c-8.837 0-16 7.163-16 16v40c0 8.837 7.163 16 16 16zm0 160h416c8.837 0 16-7.163 16-16v-40c0-8.837-7.163-16-16-16H16c-8.837 0-16 7.163-16 16v40c0 8.837 7.163 16 16 16z\"><\/path><\/svg><\/span><span class=\"gb-headline-text\"><a href=\"https:\/\/sakarabellesa.com\/es\/signature\/\">Signature<\/a><\/span><\/h3>\n\n\n\n<h3 class=\"gb-headline gb-headline-89fed959\"><span class=\"gb-icon\"><svg xmlns=\"http:\/\/www.w3.org\/2000\/svg\" aria-hidden=\"true\" role=\"img\" height=\"1em\" width=\"1em\" viewBox=\"0 0 448 512\"><path fill=\"currentColor\" d=\"M16 132h416c8.837 0 16-7.163 16-16V76c0-8.837-7.163-16-16-16H16C7.163 60 0 67.163 0 76v40c0 8.837 7.163 16 16 16zm0 160h416c8.837 0 16-7.163 16-16v-40c0-8.837-7.163-16-16-16H16c-8.837 0-16 7.163-16 16v40c0 8.837 7.163 16 16 16zm0 160h416c8.837 0 16-7.163 16-16v-40c0-8.837-7.163-16-16-16H16c-8.837 0-16 7.163-16 16v40c0 8.837 7.163 16 16 16z\"><\/path><\/svg><\/span><span class=\"gb-headline-text\"><a href=\"https:\/\/sakarabellesa.com\/es\/kinesio\/\">Kinesio<\/a><\/span><\/h3>\n\n\n\n<h3 class=\"gb-headline gb-headline-2e219690\"><span class=\"gb-icon\"><svg xmlns=\"http:\/\/www.w3.org\/2000\/svg\" aria-hidden=\"true\" role=\"img\" height=\"1em\" width=\"1em\" viewBox=\"0 0 448 512\"><path fill=\"currentColor\" d=\"M16 132h416c8.837 0 16-7.163 16-16V76c0-8.837-7.163-16-16-16H16C7.163 60 0 67.163 0 76v40c0 8.837 7.163 16 16 16zm0 160h416c8.837 0 16-7.163 16-16v-40c0-8.837-7.163-16-16-16H16c-8.837 0-16 7.163-16 16v40c0 8.837 7.163 16 16 16zm0 160h416c8.837 0 16-7.163 16-16v-40c0-8.837-7.163-16-16-16H16c-8.837 0-16 7.163-16 16v40c0 8.837 7.163 16 16 16z\"><\/path><\/svg><\/span><span class=\"gb-headline-text\"><a href=\"https:\/\/sakarabellesa.com\/es\/elite\/\">Elite<\/a><\/span><\/h3>\n\n<\/div>","protected":false},"excerpt":{"rendered":"<p> &#8230; <\/p>\n<p class=\"read-more-container\"><a title=\"Elite\" class=\"read-more button\" href=\"https:\/\/sakarabellesa.com\/es\/elite\/#more-5388\" aria-label=\"Read more about Elite\">Leer m\u00e1s<\/a><\/p>\n","protected":false},"author":1,"featured_media":4458,"parent":0,"menu_order":0,"comment_status":"closed","ping_status":"closed","template":"","meta":{"footnotes":""},"class_list":["post-5388","page","type-page","status-publish","has-post-thumbnail"],"_links":{"self":[{"href":"https:\/\/sakarabellesa.com\/es\/wp-json\/wp\/v2\/pages\/5388","targetHints":{"allow":["GET"]}}],"collection":[{"href":"https:\/\/sakarabellesa.com\/es\/wp-json\/wp\/v2\/pages"}],"about":[{"href":"https:\/\/sakarabellesa.com\/es\/wp-json\/wp\/v2\/types\/page"}],"author":[{"embeddable":true,"href":"https:\/\/sakarabellesa.com\/es\/wp-json\/wp\/v2\/users\/1"}],"replies":[{"embeddable":true,"href":"https:\/\/sakarabellesa.com\/es\/wp-json\/wp\/v2\/comments?post=5388"}],"version-history":[{"count":9,"href":"https:\/\/sakarabellesa.com\/es\/wp-json\/wp\/v2\/pages\/5388\/revisions"}],"predecessor-version":[{"id":5471,"href":"https:\/\/sakarabellesa.com\/es\/wp-json\/wp\/v2\/pages\/5388\/revisions\/5471"}],"wp:featuredmedia":[{"embeddable":true,"href":"https:\/\/sakarabellesa.com\/es\/wp-json\/wp\/v2\/media\/4458"}],"wp:attachment":[{"href":"https:\/\/sakarabellesa.com\/es\/wp-json\/wp\/v2\/media?parent=5388"}],"curies":[{"name":"wp","href":"https:\/\/api.w.org\/{rel}","templated":true}]}}