{"id":5378,"date":"2025-02-27T11:21:30","date_gmt":"2025-02-27T11:21:30","guid":{"rendered":"https:\/\/sakarabellesa.com\/tratamientos-faciales-2\/"},"modified":"2025-09-19T15:08:56","modified_gmt":"2025-09-19T15:08:56","slug":"tratamientos-faciales-naturales-en-gracia","status":"publish","type":"page","link":"https:\/\/sakarabellesa.com\/es\/tratamientos-faciales-naturales-en-gracia\/","title":{"rendered":"Tratamientos faciales"},"content":{"rendered":"<div class=\"gb-container gb-container-670e93dc alignfull\" id=\"section1\"><div class=\"gb-inside-container\">\n<div class=\"gb-container gb-container-c09441fd\">\n\n<p class=\"gb-headline gb-headline-9a50c39b gb-headline-text\" data-aos=\"fade-up\">La lista de tratamientos faciales del centro es amplia y variada. En cuanto al producto, estoy orgullosa de decir que para gran parte de los trabajos uso la aromaterapia y las propiedades terap\u00e9uticas de los aceites esenciales para ayudar a mejorar la apariencia y bienestar de la piel, as\u00ed como relajar cuerpo y mente.&nbsp;<\/p>\n\n\n\n<p class=\"gb-headline gb-headline-13e0c900 gb-headline-text\" data-aos=\"fade-up\">Las sinergias de aceites esenciales son f\u00f3rmulas exclusivas desarrolladas espec\u00edficamente para el centro s\u00f3lo con productos de alta calidad y 100% naturales con m\u00e1xima concentraci\u00f3n de principios activos.<\/p>\n\n\n\n<p class=\"gb-headline gb-headline-33a2c050 gb-headline-text\" data-aos=\"fade-up\">Para cada preocupaci\u00f3n existe una soluci\u00f3n y las diferentes t\u00e9cnicas con las que trabajo, integradas dentro del campo de la kinesioest\u00e9tica, se adaptan a las necesidades individuales de cada una de ustedes, ya sean arrugas, flacidez, piel seca, deshidrataci\u00f3n, piel grasa, edema, manchas, etc.&nbsp;<\/p>\n\n\n\n<p class=\"gb-headline gb-headline-52bbc781 gb-headline-text\" data-aos=\"fade-up\">Si tienes alguna preocupaci\u00f3n espec\u00edfica, estar\u00e9 encantada de asesorarte y recomendarte el mejor tratamiento para tus necesidades. Estoy aqu\u00ed para ayudarte a conseguir tu mejor apariencia y sentirte bien contigo misma.<\/p>\n\n\n<div class=\"gb-grid-wrapper gb-grid-wrapper-aad3892b\">\n<div class=\"gb-grid-column gb-grid-column-4cb1421d\"><div class=\"gb-container gb-container-4cb1421d\"><a class=\"gb-container-link\" href=\"\/es\/tratamiento-reafirmante-facial\"><\/a>\n\n<h2 class=\"gb-headline gb-headline-73f401a8 gb-headline-text\">Sublime Skin<\/h2>\n\n<\/div><\/div>\n\n<div class=\"gb-grid-column gb-grid-column-f88e5d58\"><div class=\"gb-container gb-container-f88e5d58\"><a class=\"gb-container-link\" href=\"\/es\/signature\"><\/a>\n\n<h2 class=\"gb-headline gb-headline-fef3c05f gb-headline-text\">Signature<\/h2>\n\n<\/div><\/div>\n\n<div class=\"gb-grid-column gb-grid-column-c2d3deef\"><div class=\"gb-container gb-container-c2d3deef\"><a class=\"gb-container-link\" href=\"\/es\/kinesio\"><\/a>\n\n<h2 class=\"gb-headline gb-headline-2e5b0abf gb-headline-text\">Kinesio<\/h2>\n\n<\/div><\/div>\n\n<div class=\"gb-grid-column gb-grid-column-ad6e7bf5\"><div class=\"gb-container gb-container-ad6e7bf5\"><a class=\"gb-container-link\" href=\"\/es\/elite\"><\/a>\n\n<h2 class=\"gb-headline gb-headline-fb468dcb gb-headline-text\">Elite<\/h2>\n\n<\/div><\/div>\n<\/div>\n<\/div>\n<\/div><\/div>","protected":false},"excerpt":{"rendered":"<p> &#8230; <\/p>\n<p class=\"read-more-container\"><a title=\"Tratamientos faciales\" class=\"read-more button\" href=\"https:\/\/sakarabellesa.com\/es\/tratamientos-faciales-naturales-en-gracia\/#more-5378\" aria-label=\"Read more about Tratamientos faciales\">Leer m\u00e1s<\/a><\/p>\n","protected":false},"author":1,"featured_media":4458,"parent":0,"menu_order":0,"comment_status":"closed","ping_status":"closed","template":"","meta":{"footnotes":""},"class_list":["post-5378","page","type-page","status-publish","has-post-thumbnail"],"_links":{"self":[{"href":"https:\/\/sakarabellesa.com\/es\/wp-json\/wp\/v2\/pages\/5378","targetHints":{"allow":["GET"]}}],"collection":[{"href":"https:\/\/sakarabellesa.com\/es\/wp-json\/wp\/v2\/pages"}],"about":[{"href":"https:\/\/sakarabellesa.com\/es\/wp-json\/wp\/v2\/types\/page"}],"author":[{"embeddable":true,"href":"https:\/\/sakarabellesa.com\/es\/wp-json\/wp\/v2\/users\/1"}],"replies":[{"embeddable":true,"href":"https:\/\/sakarabellesa.com\/es\/wp-json\/wp\/v2\/comments?post=5378"}],"version-history":[{"count":6,"href":"https:\/\/sakarabellesa.com\/es\/wp-json\/wp\/v2\/pages\/5378\/revisions"}],"predecessor-version":[{"id":5462,"href":"https:\/\/sakarabellesa.com\/es\/wp-json\/wp\/v2\/pages\/5378\/revisions\/5462"}],"wp:featuredmedia":[{"embeddable":true,"href":"https:\/\/sakarabellesa.com\/es\/wp-json\/wp\/v2\/media\/4458"}],"wp:attachment":[{"href":"https:\/\/sakarabellesa.com\/es\/wp-json\/wp\/v2\/media?parent=5378"}],"curies":[{"name":"wp","href":"https:\/\/api.w.org\/{rel}","templated":true}]}}