{"id":4625,"date":"2023-04-17T07:57:40","date_gmt":"2023-04-17T07:57:40","guid":{"rendered":"https:\/\/sakarabellesa.com\/sobre-mi\/"},"modified":"2025-09-19T15:31:51","modified_gmt":"2025-09-19T15:31:51","slug":"sobre-mi","status":"publish","type":"page","link":"https:\/\/sakarabellesa.com\/es\/sobre-mi\/","title":{"rendered":"Sobre mi"},"content":{"rendered":"<div class=\"gb-container gb-container-45476524\"><div class=\"gb-inside-container\">\n<div class=\"gb-container gb-container-561a3e0a\">\n<div class=\"gb-grid-wrapper gb-grid-wrapper-37c49fd9\">\n<div class=\"gb-grid-column gb-grid-column-eddcfa86\"><div class=\"gb-container gb-container-eddcfa86\">\n\n<h2 class=\"gb-headline gb-headline-dd7f3a54 gb-headline-text\">Mi historia<\/h2>\n\n\n\n<p>Soy profesional de la belleza y estoy al frente de mi centro desde enero del 2007. Quiero ayudarte a sentirte bien contigo misma y en el camino hacia tus objetivos.<br\/>Durante todos estos a\u00f1os he estado en formaci\u00f3n continua, aprendiendo de los mejores profesionales para ofrecerte las \u00faltimas novedades y lo m\u00e1s efectivo en tratamientos est\u00e9ticos avanzados con t\u00e9cnicas no invasivas y naturales.<br\/>Me he especializado en tratamientos de kinesioest\u00e9tica y kinesiotape con el reconocido profesional Sergiy Galchenko y ofrezco tratamientos est\u00e9ticos basados en la kinesioest\u00e9tica y la kinesioterapia.  Estas t\u00e9cnicas no invasivas y naturales te permitir\u00e1n alcanzar tus objetivos de belleza y bienestar de forma efectiva y segura.<\/p>\n\n\n\n<p>Mi experiencia y formaci\u00f3n me permiten ofrecerte tratamientos personalizados y acompa\u00f1arte en el camino hacia mayor autoestima y bienestar f\u00edsico.<br\/>Tambi\u00e9n estoy diplomada en aromaterapia y en elaboraci\u00f3n de cosm\u00e9tica natural, as\u00ed como en aplicaci\u00f3n de aromaterapia en tratamientos est\u00e9ticos por la prestigiosa ISMET. Estos conocimientos me permiten crear mis propias sinergias exclusivas para los tratamientos que hago en el centro y ofrecer un servicio de elaboraci\u00f3n de cosm\u00e9tica personalizada.<br\/>La diplomatura en masaje neurosedante, Dien Chan, as\u00ed como mis conocimientos de las t\u00e9cnicas espec\u00edficas de la medicina tradicional china, como las ventosas para el dolor y la est\u00e9tica, y el lifting facial con acupuntura, me han permitido crear mis propios protocolos de autor para abordar de forma personalizada cada caso <\/p>\n\n\n\n<p>Mi objetivo principal es ofrecerte un servicio de alta calidad y por eso me actualizo constantemente en las \u00faltimas tendencias y t\u00e9cnicas. Con un trato cercano y c\u00e1lido, quiero que en Sakara te sientas como en casa y que consigas todos tus objetivos.<br\/>Si est\u00e1s buscando un sitio donde encontrar una profesional de confianza y con un alto nivel de satisfacci\u00f3n por parte de sus clientes, no dudes en visitarme. Estoy segura de que juntas podremos conseguir tus metas.<br\/>\u00a1No pierdas la oportunidad de experimentar los beneficios de las t\u00e9cnicas m\u00e1s avanzadas, naturales y personalizadas! <\/p>\n\n<\/div><\/div>\n\n<div class=\"gb-grid-column gb-grid-column-e92ba478\"><div class=\"gb-container gb-container-e92ba478\"><\/div><\/div>\n<\/div>\n<\/div>\n<\/div><\/div>","protected":false},"excerpt":{"rendered":"","protected":false},"author":1,"featured_media":4458,"parent":0,"menu_order":0,"comment_status":"closed","ping_status":"closed","template":"","meta":{"footnotes":""},"class_list":["post-4625","page","type-page","status-publish","has-post-thumbnail"],"_links":{"self":[{"href":"https:\/\/sakarabellesa.com\/es\/wp-json\/wp\/v2\/pages\/4625","targetHints":{"allow":["GET"]}}],"collection":[{"href":"https:\/\/sakarabellesa.com\/es\/wp-json\/wp\/v2\/pages"}],"about":[{"href":"https:\/\/sakarabellesa.com\/es\/wp-json\/wp\/v2\/types\/page"}],"author":[{"embeddable":true,"href":"https:\/\/sakarabellesa.com\/es\/wp-json\/wp\/v2\/users\/1"}],"replies":[{"embeddable":true,"href":"https:\/\/sakarabellesa.com\/es\/wp-json\/wp\/v2\/comments?post=4625"}],"version-history":[{"count":6,"href":"https:\/\/sakarabellesa.com\/es\/wp-json\/wp\/v2\/pages\/4625\/revisions"}],"predecessor-version":[{"id":5492,"href":"https:\/\/sakarabellesa.com\/es\/wp-json\/wp\/v2\/pages\/4625\/revisions\/5492"}],"wp:featuredmedia":[{"embeddable":true,"href":"https:\/\/sakarabellesa.com\/es\/wp-json\/wp\/v2\/media\/4458"}],"wp:attachment":[{"href":"https:\/\/sakarabellesa.com\/es\/wp-json\/wp\/v2\/media?parent=4625"}],"curies":[{"name":"wp","href":"https:\/\/api.w.org\/{rel}","templated":true}]}}