{"id":4556,"date":"2023-04-05T10:04:34","date_gmt":"2023-04-05T10:04:34","guid":{"rendered":"https:\/\/sakarabellesa.com\/aviso-legal\/"},"modified":"2023-04-05T10:23:24","modified_gmt":"2023-04-05T10:23:24","slug":"aviso-legal","status":"publish","type":"page","link":"https:\/\/sakarabellesa.com\/es\/aviso-legal\/","title":{"rendered":"Aviso legal"},"content":{"rendered":"<div class=\"gb-container gb-container-64c3ac7d\">\n\n<p>Sakara Bellesa (X\u00e8nia Deler amb DNI 46759921R) tiene el domicilio a C\/ M. de D\u00e9u dels Desemparats, 8 08012 Gr\u00e0cia, Barcelona. Para mayor informaci\u00f3n pod\u00e9is contactar con nosotros a trav\u00e9s del n\u00famero de tel\u00e9fono +34 93 213 67 08 o bien a trav\u00e9s del siguiente correo electr\u00f3nico; info@sakarabellesa.com.<\/p>\n\n\n\n<p>Condiciones de uso<br>A continuaci\u00f3n, relatamos la regulaci\u00f3n del uso de la p\u00e1gina www.sakarabellesa.com que Sakara pose a disposici\u00f3n de los usuarios. de uso<\/p>\n\n\n\n<p>Usuarios<br>El web de Sakara ha sido dise\u00f1ado para dar a conocer los usuarios en general tanto la empresa como sus actividades y servicios. El web de Sakara ha sido dise\u00f1ado para dar a conocer los usuarios en general tanto la empresa como sus actividades y servicios.<\/p>\n\n\n\n<p>Acceso<br>A todos los efectos, los usuarios podr\u00e1n acceder a www.sakarabellesa.com de forma libre y gratuita. Sakara podr\u00e1 modificar de forma unilateral y sin aviso previo, la prestaci\u00f3n, configuraci\u00f3n y contenido de la p\u00e1gina, as\u00ed como las condiciones de uso de la misma y el acceso a los servicios prestados.<\/p>\n\n\n\n<p>Copyright<br>Los Derechos de Propiedad intelectual de esta web son titularidad de X\u00e8nia Deler. Por eso, podemos alterar en cualquier momento y sin aviso previo sus contenidos (dise\u00f1o gr\u00e1fico, precios, textos y c\u00f3digos). La prestaci\u00f3n de los servicios y la publicaci\u00f3n de los contenidos de la web no implicar\u00e1n en ning\u00fan momento la renuncia o transmisi\u00f3n, total o parcial, de los derechos de propiedad intelectual e industrial. Por eso, cualquier reproducci\u00f3n, distribuci\u00f3n, comercializaci\u00f3n o transformaci\u00f3n de los contenidos de la p\u00e1gina web que no haya sido expresamente autorizado por sus titulares constituye una infracci\u00f3n de los derechos de propiedad intelectual e industrial protegidos por el articulo 270 y siguientes del C\u00f3digo Penal.<\/p>\n\n\n\n<p>Ley Aplicable y Jurisdicci\u00f3n<br>Para toda cuesti\u00f3n litigiosa que incumba a www.sakarabellesa.com, ser\u00e1 aplicable la legislaci\u00f3n espa\u00f1ola. Estas Condiciones de Uso se rigen por el que dispone la legislaci\u00f3n espa\u00f1ola. En caso de que se produzca cualquier discrepancia o controversia con motivo de la interpretaci\u00f3n o aplicaci\u00f3n de las presentes Condiciones de Uso, Sakara (X\u00e8nia Pasi\u00f3n) y el Usuario, con renuncia expr\u00e9s a cualquier otro fuero que los pudiera corresponder, se someten a la jurisdicci\u00f3n de los Juzgados y Tribunales del domicilio del usuario.<\/p>\n\n<\/div>","protected":false},"excerpt":{"rendered":"<p> &#8230; <\/p>\n<p class=\"read-more-container\"><a title=\"Aviso legal\" class=\"read-more button\" href=\"https:\/\/sakarabellesa.com\/es\/aviso-legal\/#more-4556\" aria-label=\"Read more about Aviso legal\">Leer m\u00e1s<\/a><\/p>\n","protected":false},"author":1,"featured_media":0,"parent":0,"menu_order":0,"comment_status":"closed","ping_status":"closed","template":"","meta":{"footnotes":""},"class_list":["post-4556","page","type-page","status-publish"],"_links":{"self":[{"href":"https:\/\/sakarabellesa.com\/es\/wp-json\/wp\/v2\/pages\/4556","targetHints":{"allow":["GET"]}}],"collection":[{"href":"https:\/\/sakarabellesa.com\/es\/wp-json\/wp\/v2\/pages"}],"about":[{"href":"https:\/\/sakarabellesa.com\/es\/wp-json\/wp\/v2\/types\/page"}],"author":[{"embeddable":true,"href":"https:\/\/sakarabellesa.com\/es\/wp-json\/wp\/v2\/users\/1"}],"replies":[{"embeddable":true,"href":"https:\/\/sakarabellesa.com\/es\/wp-json\/wp\/v2\/comments?post=4556"}],"version-history":[{"count":0,"href":"https:\/\/sakarabellesa.com\/es\/wp-json\/wp\/v2\/pages\/4556\/revisions"}],"wp:attachment":[{"href":"https:\/\/sakarabellesa.com\/es\/wp-json\/wp\/v2\/media?parent=4556"}],"curies":[{"name":"wp","href":"https:\/\/api.w.org\/{rel}","templated":true}]}}