{"id":4534,"date":"2023-02-14T12:24:05","date_gmt":"2023-02-14T12:24:05","guid":{"rendered":"https:\/\/sakarabellesa.com\/tratamientos-corporales\/"},"modified":"2025-09-19T15:43:46","modified_gmt":"2025-09-19T15:43:46","slug":"tratamiento-reafirmante-facial","status":"publish","type":"page","link":"https:\/\/sakarabellesa.com\/es\/tratamiento-reafirmante-facial\/","title":{"rendered":"Sublime Skin"},"content":{"rendered":"<div class=\"gb-container gb-container-9a2ac6fd alignfull\" id=\"section1\"><div class=\"gb-inside-container\">\n<div class=\"gb-container gb-container-319b444a\">\n\n<h1 class=\"gb-headline gb-headline-5b86b71a gb-headline-text\">Tratamientos degustaci\u00f3n: nuestras perlas para resultados visibles<\/h1>\n\n\n<div class=\"gb-container gb-container-fbea1e69\"><\/div>\n\n\n<p class=\"gb-headline gb-headline-9a50c39b gb-headline-text\" data-aos=\"fade-up\">La lista de tratamientos faciales del centro es amplia y variada. En cuanto al producto, estoy orgullosa de decir que para gran parte de los trabajos uso la aromaterapia y las propiedades terap\u00e9uticas de los aceites esenciales para ayudar a mejorar la apariencia y bienestar de la piel, as\u00ed como relajar cuerpo y mente.&nbsp;<\/p>\n\n\n\n<p class=\"gb-headline gb-headline-13e0c900 gb-headline-text\" data-aos=\"fade-up\">Las sinergias de aceites esenciales son f\u00f3rmulas exclusivas desarrolladas espec\u00edficamente para el centro con s\u00f3lo productos de alta calidad y 100% naturales con m\u00e1xima concentraci\u00f3n de principios activos.<\/p>\n\n\n\n<p class=\"gb-headline gb-headline-33a2c050 gb-headline-text\" data-aos=\"fade-up\">Para cada preocupaci\u00f3n existe una soluci\u00f3n y las diferentes t\u00e9cnicas con las que trabajo, integradas dentro del campo de la kinesioest\u00e9tica, se adaptan a las necesidades individuales de cada una de ustedes, ya sean arrugas, flacidez, piel seca, deshidrataci\u00f3n, piel grasa, edema, manchas, etc.&nbsp;<\/p>\n\n\n\n<p class=\"gb-headline gb-headline-52bbc781 gb-headline-text\" data-aos=\"fade-up\">Si tienes alguna preocupaci\u00f3n espec\u00edfica, estar\u00e9 encantada de asesorarte y recomendarte el mejor tratamiento para tus necesidades. Estoy aqu\u00ed para ayudarte a conseguir tu mejor apariencia y sentirte bien contigo misma.<\/p>\n\n\n<div class=\"gb-container gb-container-53a639ea\">\n\n<h3 class=\"gb-headline gb-headline-e17b43bc\"><span class=\"gb-icon\"><svg xmlns=\"http:\/\/www.w3.org\/2000\/svg\" aria-hidden=\"true\" role=\"img\" height=\"1em\" width=\"1em\" viewBox=\"0 0 448 512\"><path fill=\"currentColor\" d=\"M16 132h416c8.837 0 16-7.163 16-16V76c0-8.837-7.163-16-16-16H16C7.163 60 0 67.163 0 76v40c0 8.837 7.163 16 16 16zm0 160h416c8.837 0 16-7.163 16-16v-40c0-8.837-7.163-16-16-16H16c-8.837 0-16 7.163-16 16v40c0 8.837 7.163 16 16 16zm0 160h416c8.837 0 16-7.163 16-16v-40c0-8.837-7.163-16-16-16H16c-8.837 0-16 7.163-16 16v40c0 8.837 7.163 16 16 16z\"><\/path><\/svg><\/span><span class=\"gb-headline-text\"><a href=\"https:\/\/sakarabellesa.com\/es\/tratamiento-reafirmante-facial\/\">Sublime Skin<\/a><\/span><\/h3>\n\n\n\n<h3 class=\"gb-headline gb-headline-02776644\"><span class=\"gb-icon\"><svg xmlns=\"http:\/\/www.w3.org\/2000\/svg\" aria-hidden=\"true\" role=\"img\" height=\"1em\" width=\"1em\" viewBox=\"0 0 448 512\"><path fill=\"currentColor\" d=\"M16 132h416c8.837 0 16-7.163 16-16V76c0-8.837-7.163-16-16-16H16C7.163 60 0 67.163 0 76v40c0 8.837 7.163 16 16 16zm0 160h416c8.837 0 16-7.163 16-16v-40c0-8.837-7.163-16-16-16H16c-8.837 0-16 7.163-16 16v40c0 8.837 7.163 16 16 16zm0 160h416c8.837 0 16-7.163 16-16v-40c0-8.837-7.163-16-16-16H16c-8.837 0-16 7.163-16 16v40c0 8.837 7.163 16 16 16z\"><\/path><\/svg><\/span><span class=\"gb-headline-text\"><a href=\"https:\/\/sakarabellesa.com\/es\/signature\/\">Signature<\/a><\/span><\/h3>\n\n\n\n<h3 class=\"gb-headline gb-headline-3f8a7872\"><span class=\"gb-icon\"><svg xmlns=\"http:\/\/www.w3.org\/2000\/svg\" aria-hidden=\"true\" role=\"img\" height=\"1em\" width=\"1em\" viewBox=\"0 0 448 512\"><path fill=\"currentColor\" d=\"M16 132h416c8.837 0 16-7.163 16-16V76c0-8.837-7.163-16-16-16H16C7.163 60 0 67.163 0 76v40c0 8.837 7.163 16 16 16zm0 160h416c8.837 0 16-7.163 16-16v-40c0-8.837-7.163-16-16-16H16c-8.837 0-16 7.163-16 16v40c0 8.837 7.163 16 16 16zm0 160h416c8.837 0 16-7.163 16-16v-40c0-8.837-7.163-16-16-16H16c-8.837 0-16 7.163-16 16v40c0 8.837 7.163 16 16 16z\"><\/path><\/svg><\/span><span class=\"gb-headline-text\"><a href=\"https:\/\/sakarabellesa.com\/es\/kinesio\/\">Kinesio<\/a><\/span><\/h3>\n\n\n\n<h3 class=\"gb-headline gb-headline-a4053fdb\"><span class=\"gb-icon\"><svg xmlns=\"http:\/\/www.w3.org\/2000\/svg\" aria-hidden=\"true\" role=\"img\" height=\"1em\" width=\"1em\" viewBox=\"0 0 448 512\"><path fill=\"currentColor\" d=\"M16 132h416c8.837 0 16-7.163 16-16V76c0-8.837-7.163-16-16-16H16C7.163 60 0 67.163 0 76v40c0 8.837 7.163 16 16 16zm0 160h416c8.837 0 16-7.163 16-16v-40c0-8.837-7.163-16-16-16H16c-8.837 0-16 7.163-16 16v40c0 8.837 7.163 16 16 16zm0 160h416c8.837 0 16-7.163 16-16v-40c0-8.837-7.163-16-16-16H16c-8.837 0-16 7.163-16 16v40c0 8.837 7.163 16 16 16z\"><\/path><\/svg><\/span><span class=\"gb-headline-text\"><a href=\"https:\/\/sakarabellesa.com\/es\/elite\/\">Elite<\/a><\/span><\/h3>\n\n<\/div>\n<\/div>\n<\/div><\/div>\n\n<div class=\"gb-container gb-container-8f623a81 alignfull\"><div class=\"gb-inside-container\">\n<div class=\"gb-container gb-container-7f952453\">\n<div class=\"gb-container gb-container-31fc5d28\">\n\n<h2 class=\"gb-headline gb-headline-50fff069 gb-headline-text\" data-aos=\"fade-down\">Diag My Skin<\/h2>\n\n\n\n<p class=\"gb-headline gb-headline-4f18f42c gb-headline-text\" data-aos=\"fade-up\">Sesi\u00f3n de diagn\u00f3stico facial en la que realizaremos una evaluaci\u00f3n y un estudio en detalle de todas las necesidades que tiene tu piel y musculatura para trazar la mejor estrategia a seguir en tu caso.<\/p>\n\n\n\n<p class=\"gb-headline gb-headline-4a8ba576 gb-headline-text\" data-aos=\"fade-up\"><strong>&#8211; <strong>Techs<\/strong>:<\/strong> l\u00e1mpara Wood y maceta de reactivos.<br><strong>&#8211; Focus:<\/strong> piel.<br><strong>&#8211; Beneficis:<\/strong> diagn\u00f3stico.<\/p>\n\n\n<div class=\"gb-container gb-container-26ea7a9e\">\n\n<p class=\"gb-headline gb-headline-9c7eae90\"><span class=\"gb-icon\"><svg xmlns=\"http:\/\/www.w3.org\/2000\/svg\" aria-hidden=\"true\" role=\"img\" height=\"1em\" width=\"1em\" viewBox=\"0 0 512 512\"><path fill=\"currentColor\" d=\"M256 8C119.033 8 8 119.033 8 256s111.033 248 248 248 248-111.033 248-248S392.967 8 256 8zm0 48c110.532 0 200 89.451 200 200 0 110.532-89.451 200-200 200-110.532 0-200-89.451-200-200 0-110.532 89.451-200 200-200m140.204 130.267l-22.536-22.718c-4.667-4.705-12.265-4.736-16.97-.068L215.346 303.697l-59.792-60.277c-4.667-4.705-12.265-4.736-16.97-.069l-22.719 22.536c-4.705 4.667-4.736 12.265-.068 16.971l90.781 91.516c4.667 4.705 12.265 4.736 16.97.068l172.589-171.204c4.704-4.668 4.734-12.266.067-16.971z\"><\/path><\/svg><\/span><span class=\"gb-headline-text\"><strong>Precio:<\/strong> 0 \u20ac<\/span><\/p>\n\n\n\n<p class=\"gb-headline gb-headline-78aa02b3\"><span class=\"gb-icon\"><svg xmlns=\"http:\/\/www.w3.org\/2000\/svg\" aria-hidden=\"true\" role=\"img\" height=\"1em\" width=\"1em\" viewBox=\"0 0 512 512\"><path fill=\"currentColor\" d=\"M256 8C119.033 8 8 119.033 8 256s111.033 248 248 248 248-111.033 248-248S392.967 8 256 8zm0 48c110.532 0 200 89.451 200 200 0 110.532-89.451 200-200 200-110.532 0-200-89.451-200-200 0-110.532 89.451-200 200-200m140.204 130.267l-22.536-22.718c-4.667-4.705-12.265-4.736-16.97-.068L215.346 303.697l-59.792-60.277c-4.667-4.705-12.265-4.736-16.97-.069l-22.719 22.536c-4.705 4.667-4.736 12.265-.068 16.971l90.781 91.516c4.667 4.705 12.265 4.736 16.97.068l172.589-171.204c4.704-4.668 4.734-12.266.067-16.971z\"><\/path><\/svg><\/span><span class=\"gb-headline-text\"><strong>Duraci\u00f3n:<\/strong> 0 min<\/span><\/p>\n\n<\/div>\n\n\n<a class=\"gb-button gb-button-5c7947ff gb-button-text\" href=\"https:\/\/sakarabellesa.com\/es\/contacto\/\">Contactar<\/a>\n\n<\/div>\n<\/div>\n<\/div><\/div>\n\n<div class=\"gb-container gb-container-593dbd46 alignfull\" id=\"Revitalitza\"><div class=\"gb-inside-container\">\n<div class=\"gb-container gb-container-d38096ef\">\n<div class=\"gb-container gb-container-f399a64c\">\n\n<h2 class=\"gb-headline gb-headline-c6bc5b23 gb-headline-text\" data-aos=\"fade-down\">Nourishing Skin<\/h2>\n\n\n\n<p class=\"gb-headline gb-headline-f4eb4d66 gb-headline-text\" data-aos=\"fade-up\">Si te ves la piel apagada y quieres recuperar tu luminosidad natural, deja que la gran concentraci\u00f3n de principios activos de este tratamiento hagan su magia.<\/p>\n\n\n\n<p class=\"gb-headline gb-headline-655d5472 gb-headline-text\" data-aos=\"fade-up\"><strong>&#8211; <strong>Techs<\/strong>:<\/strong> corrientes galv\u00e1nicas e infrarrojos.<br><strong>&#8211; Focus:<\/strong> piel.<br><strong>&#8211; Beneficis:<\/strong> hidrataci\u00f3n, reafirmaci\u00f3n, unificaci\u00f3n del tono y antioxidante.<\/p>\n\n\n<div class=\"gb-container gb-container-ac4a0250\">\n\n<p class=\"gb-headline gb-headline-5ebe0e17\"><span class=\"gb-icon\"><svg xmlns=\"http:\/\/www.w3.org\/2000\/svg\" aria-hidden=\"true\" role=\"img\" height=\"1em\" width=\"1em\" viewBox=\"0 0 512 512\"><path fill=\"currentColor\" d=\"M256 8C119.033 8 8 119.033 8 256s111.033 248 248 248 248-111.033 248-248S392.967 8 256 8zm0 48c110.532 0 200 89.451 200 200 0 110.532-89.451 200-200 200-110.532 0-200-89.451-200-200 0-110.532 89.451-200 200-200m140.204 130.267l-22.536-22.718c-4.667-4.705-12.265-4.736-16.97-.068L215.346 303.697l-59.792-60.277c-4.667-4.705-12.265-4.736-16.97-.069l-22.719 22.536c-4.705 4.667-4.736 12.265-.068 16.971l90.781 91.516c4.667 4.705 12.265 4.736 16.97.068l172.589-171.204c4.704-4.668 4.734-12.266.067-16.971z\"><\/path><\/svg><\/span><span class=\"gb-headline-text\"><strong>Precio:<\/strong> 55,50 \u20ac<\/span><\/p>\n\n\n\n<p class=\"gb-headline gb-headline-e3f9efdb\"><span class=\"gb-icon\"><svg xmlns=\"http:\/\/www.w3.org\/2000\/svg\" aria-hidden=\"true\" role=\"img\" height=\"1em\" width=\"1em\" viewBox=\"0 0 512 512\"><path fill=\"currentColor\" d=\"M256 8C119.033 8 8 119.033 8 256s111.033 248 248 248 248-111.033 248-248S392.967 8 256 8zm0 48c110.532 0 200 89.451 200 200 0 110.532-89.451 200-200 200-110.532 0-200-89.451-200-200 0-110.532 89.451-200 200-200m140.204 130.267l-22.536-22.718c-4.667-4.705-12.265-4.736-16.97-.068L215.346 303.697l-59.792-60.277c-4.667-4.705-12.265-4.736-16.97-.069l-22.719 22.536c-4.705 4.667-4.736 12.265-.068 16.971l90.781 91.516c4.667 4.705 12.265 4.736 16.97.068l172.589-171.204c4.704-4.668 4.734-12.266.067-16.971z\"><\/path><\/svg><\/span><span class=\"gb-headline-text\"><strong>Duraci\u00f3n:<\/strong> 35 min<\/span><\/p>\n\n<\/div>\n\n\n<a class=\"gb-button gb-button-959fd7a2 gb-button-text\" href=\"https:\/\/sakarabellesa.com\/es\/contacto\/\">Contactar<\/a>\n\n<\/div>\n<\/div>\n<\/div><\/div>\n\n<div class=\"gb-container gb-container-34084f91 alignfull\" id=\"Redefineix\"><div class=\"gb-inside-container\">\n<div class=\"gb-container gb-container-5fc8de38\">\n<div class=\"gb-container gb-container-af8ee74d\">\n\n<h2 class=\"gb-headline gb-headline-922b503b gb-headline-text\" data-aos=\"fade-down\">Magical Firmness<\/h2>\n\n\n\n<p class=\"gb-headline gb-headline-d69e871f gb-headline-text\" data-aos=\"fade-up\">Reafirma tu piel y musculatura y mejora visiblemente el aspecto de tu rostro con este tratamiento espec\u00edfico<br>con principios activos de primer nivel y masaje facial con guantes de plata.<\/p>\n\n\n\n<p class=\"gb-headline gb-headline-9838bc89 gb-headline-text\" data-aos=\"fade-up\"><strong>&#8211; <strong>Techs<\/strong>:<\/strong>EMS e infrarrojos. <br><strong>&#8211; Focus:<\/strong> piel y m\u00fasculo.<br><strong>&#8211; Beneficis:<\/strong> reafirmaci\u00f3n, luminosidad y regenerador.<\/p>\n\n\n<div class=\"gb-container gb-container-4f6f4393\">\n\n<p class=\"gb-headline gb-headline-601586e3\"><span class=\"gb-icon\"><svg xmlns=\"http:\/\/www.w3.org\/2000\/svg\" aria-hidden=\"true\" role=\"img\" height=\"1em\" width=\"1em\" viewBox=\"0 0 512 512\"><path fill=\"currentColor\" d=\"M256 8C119.033 8 8 119.033 8 256s111.033 248 248 248 248-111.033 248-248S392.967 8 256 8zm0 48c110.532 0 200 89.451 200 200 0 110.532-89.451 200-200 200-110.532 0-200-89.451-200-200 0-110.532 89.451-200 200-200m140.204 130.267l-22.536-22.718c-4.667-4.705-12.265-4.736-16.97-.068L215.346 303.697l-59.792-60.277c-4.667-4.705-12.265-4.736-16.97-.069l-22.719 22.536c-4.705 4.667-4.736 12.265-.068 16.971l90.781 91.516c4.667 4.705 12.265 4.736 16.97.068l172.589-171.204c4.704-4.668 4.734-12.266.067-16.971z\"><\/path><\/svg><\/span><span class=\"gb-headline-text\"><strong>Precio:<\/strong> 55,50 \u20ac<\/span><\/p>\n\n\n\n<p class=\"gb-headline gb-headline-c8343a26\"><span class=\"gb-icon\"><svg xmlns=\"http:\/\/www.w3.org\/2000\/svg\" aria-hidden=\"true\" role=\"img\" height=\"1em\" width=\"1em\" viewBox=\"0 0 512 512\"><path fill=\"currentColor\" d=\"M256 8C119.033 8 8 119.033 8 256s111.033 248 248 248 248-111.033 248-248S392.967 8 256 8zm0 48c110.532 0 200 89.451 200 200 0 110.532-89.451 200-200 200-110.532 0-200-89.451-200-200 0-110.532 89.451-200 200-200m140.204 130.267l-22.536-22.718c-4.667-4.705-12.265-4.736-16.97-.068L215.346 303.697l-59.792-60.277c-4.667-4.705-12.265-4.736-16.97-.069l-22.719 22.536c-4.705 4.667-4.736 12.265-.068 16.971l90.781 91.516c4.667 4.705 12.265 4.736 16.97.068l172.589-171.204c4.704-4.668 4.734-12.266.067-16.971z\"><\/path><\/svg><\/span><span class=\"gb-headline-text\"><strong>Duraci\u00f3n:<\/strong> 35 min<\/span><\/p>\n\n<\/div>\n\n\n<a class=\"gb-button gb-button-f9259341 gb-button-text\" href=\"https:\/\/sakarabellesa.com\/es\/contacto\/\">Contactar<\/a>\n\n<\/div>\n<\/div>\n<\/div><\/div>\n\n<div class=\"gb-container gb-container-dd3d1edd alignfull\" id=\"Redefineix\"><div class=\"gb-inside-container\">\n<div class=\"gb-container gb-container-24f0e70e\">\n\n<h2 class=\"gb-headline gb-headline-ce214dcc gb-headline-text\" data-aos=\"fade-down\">Magical Firmness: Reafirma i tonifica la pell<\/h2>\n\n\n\n<h3 class=\"gb-headline gb-headline-7fa7e95f gb-headline-text\" data-aos=\"fade-down\">Redefine los contornos faciales<\/h3>\n\n\n\n<p class=\"gb-headline gb-headline-02a510b7 gb-headline-text\" data-aos=\"fade-up\">Si buscas un <strong>lifting natural<\/strong>, el <strong>Magical Firmness<\/strong> es la soluci\u00f3n perfecta. Este tratamiento combina principios activos de alta calidad con un <strong>masaje facial con guantes de plata<\/strong>, que estimula la circulaci\u00f3n y mejora la firmeza de la piel. <\/p>\n\n\n<div class=\"gb-container gb-container-34d75dd5\">\n\n<p class=\"gb-headline gb-headline-943b5e4b\"><span class=\"gb-icon\"><svg xmlns=\"http:\/\/www.w3.org\/2000\/svg\" aria-hidden=\"true\" role=\"img\" height=\"1em\" width=\"1em\" viewBox=\"0 0 512 512\"><path fill=\"currentColor\" d=\"M256 8C119.033 8 8 119.033 8 256s111.033 248 248 248 248-111.033 248-248S392.967 8 256 8zm0 48c110.532 0 200 89.451 200 200 0 110.532-89.451 200-200 200-110.532 0-200-89.451-200-200 0-110.532 89.451-200 200-200m140.204 130.267l-22.536-22.718c-4.667-4.705-12.265-4.736-16.97-.068L215.346 303.697l-59.792-60.277c-4.667-4.705-12.265-4.736-16.97-.069l-22.719 22.536c-4.705 4.667-4.736 12.265-.068 16.971l90.781 91.516c4.667 4.705 12.265 4.736 16.97.068l172.589-171.204c4.704-4.668 4.734-12.266.067-16.971z\"><\/path><\/svg><\/span><span class=\"gb-headline-text\"><strong>Precio:<\/strong> 55,50 \u20ac<\/span><\/p>\n\n\n\n<p class=\"gb-headline gb-headline-5e62a2b8\"><span class=\"gb-icon\"><svg xmlns=\"http:\/\/www.w3.org\/2000\/svg\" aria-hidden=\"true\" role=\"img\" height=\"1em\" width=\"1em\" viewBox=\"0 0 512 512\"><path fill=\"currentColor\" d=\"M256 8C119.033 8 8 119.033 8 256s111.033 248 248 248 248-111.033 248-248S392.967 8 256 8zm0 48c110.532 0 200 89.451 200 200 0 110.532-89.451 200-200 200-110.532 0-200-89.451-200-200 0-110.532 89.451-200 200-200m140.204 130.267l-22.536-22.718c-4.667-4.705-12.265-4.736-16.97-.068L215.346 303.697l-59.792-60.277c-4.667-4.705-12.265-4.736-16.97-.069l-22.719 22.536c-4.705 4.667-4.736 12.265-.068 16.971l90.781 91.516c4.667 4.705 12.265 4.736 16.97.068l172.589-171.204c4.704-4.668 4.734-12.266.067-16.971z\"><\/path><\/svg><\/span><span class=\"gb-headline-text\"><strong>Duraci\u00f3n:<\/strong> 35 min<\/span><\/p>\n\n\n\n<p class=\"gb-headline gb-headline-1e7058b0\"><span class=\"gb-icon\"><svg xmlns=\"http:\/\/www.w3.org\/2000\/svg\" aria-hidden=\"true\" role=\"img\" height=\"1em\" width=\"1em\" viewBox=\"0 0 512 512\"><path fill=\"currentColor\" d=\"M256 8C119.033 8 8 119.033 8 256s111.033 248 248 248 248-111.033 248-248S392.967 8 256 8zm0 48c110.532 0 200 89.451 200 200 0 110.532-89.451 200-200 200-110.532 0-200-89.451-200-200 0-110.532 89.451-200 200-200m140.204 130.267l-22.536-22.718c-4.667-4.705-12.265-4.736-16.97-.068L215.346 303.697l-59.792-60.277c-4.667-4.705-12.265-4.736-16.97-.069l-22.719 22.536c-4.705 4.667-4.736 12.265-.068 16.971l90.781 91.516c4.667 4.705 12.265 4.736 16.97.068l172.589-171.204c4.704-4.668 4.734-12.266.067-16.971z\"><\/path><\/svg><\/span><span class=\"gb-headline-text\"><strong>Suplemento opcional<\/strong>: Head Massage (+20 \u20ac)<\/span><\/p>\n\n<\/div>\n\n<div class=\"gb-container gb-container-a9283b8e\">\n\n<p class=\"gb-headline gb-headline-4827e7dc gb-headline-text\" data-aos=\"fade-up\">Adem\u00e1s de reafirmar, este tratamiento ayuda a <strong>tonificar la musculatura facial<\/strong>, reduciendo la flacidez y proporcionando un rostro m\u00e1s definido y rejuvenecido.<\/p>\n\n\n\n<a class=\"gb-button gb-button-577cd0d4 gb-button-text\" href=\"#form-contacto\">CTA<\/a>\n\n<\/div>\n<\/div>\n<\/div><\/div>\n\n<div class=\"gb-container gb-container-d1d89ca2 alignfull\" id=\"faqs\"><div class=\"gb-inside-container\">\n<div class=\"gb-container gb-container-0b84214f\">\n\n<h2 class=\"gb-headline gb-headline-eaa17737 gb-headline-text\" data-aos=\"fade-down\">Preguntas Frecuentes<\/h2>\n\n\n<div id=\"rank-math-faq\" class=\"rank-math-block\">\n<div class=\"rank-math-list \">\n<div id=\"faq-question-1739299806600\" class=\"rank-math-list-item\">\n<h3 class=\"rank-math-question \"><strong>\u00bfCu\u00e1l es el mejor tratamiento para m\u00ed? <\/strong><\/h3>\n<div class=\"rank-math-answer \">\n\n<p>Si quieres cuidar tu piel, pero no sabes por d\u00f3nde empezar, el primer paso ideal es realizar un diagn\u00f3stico completo con nuestro servicio <em>Diag My Skin<\/em>. Esto nos permitir\u00e1 valorar el estado actual de tu piel y determinar el tratamiento m\u00e1s adecuado para ti. <br \/>Es importante recordar que la piel es un \u00f3rgano con un funcionamiento propio, y para conseguir los mejores resultados es necesario seguir un orden espec\u00edfico en el abordaje de sus necesidades. Con nuestro asesoramiento experto, te acompa\u00f1aremos en todo momento para que puedas alcanzar tus objetivos de forma segura y efectiva. <\/p>\n\n<\/div>\n<\/div>\n<div id=\"faq-question-1739299832282\" class=\"rank-math-list-item\">\n<h3 class=\"rank-math-question \"><strong>\u00bfCu\u00e1ntas sesiones se recomiendan?<\/strong><\/h3>\n<div class=\"rank-math-answer \">\n\n<p>Cada persona tiene un punto de partida y objetivos diferentes, por lo que el n\u00famero de sesiones puede variar seg\u00fan las necesidades individuales. Por lo general, para obtener resultados \u00f3ptimos, se recomienda un protocolo de 4 a 6 sesiones, con una frecuencia de una sesi\u00f3n por semana.<br \/>Sin embargo, la mejor forma de determinar el tratamiento ideal para ti es mediante una valoraci\u00f3n personalizada en nuestro centro. Una vez analicemos tu caso, podremos ofrecerte una recomendaci\u00f3n adaptada a tus necesidades espec\u00edficas.  <\/p>\n\n<\/div>\n<\/div>\n<div id=\"faq-question-1739299852598\" class=\"rank-math-list-item\">\n<h3 class=\"rank-math-question \"><strong>\u00bfSon tratamientos adecuados para pieles sensibles?<\/strong><\/h3>\n<div class=\"rank-math-answer \">\n\n<p>S\u00ed, todos nuestros tratamientos son aptos para todo tipo de piel, incluidas las m\u00e1s sensibles. Nos adaptamos siempre a las necesidades espec\u00edficas de cada persona para garantizar un tratamiento seguro y efectivo.<br \/>Debe tenerse en cuenta que una piel sensibilizada no es un tipo de piel en s\u00ed mismo, sino una condici\u00f3n derivada de un desequilibrio. Nuestra labor consiste precisamente en identificar y equilibrar estas disfunciones, ya sea por falta de hidrataci\u00f3n, alteraciones en la estructura que afectan a la funci\u00f3n barrera, causas vasculares u otros factores. Nuestro enfoque busca restaurar la salud y el equilibrio de la piel para reforzar su resistencia y su bienestar.   <\/p>\n\n<\/div>\n<\/div>\n<div id=\"faq-question-1739299876193\" class=\"rank-math-list-item\">\n<h3 class=\"rank-math-question \"><strong>\u00bfPuedo combinar distintos tratamientos en una misma sesi\u00f3n?<\/strong><\/h3>\n<div class=\"rank-math-answer \">\n\n<p>Nuestros servicios est\u00e1n dise\u00f1ados para ofrecer resultados \u00f3ptimos de forma individual e independiente. Sin embargo, en muchos casos es posible combinar dos en una misma sesi\u00f3n sin ning\u00fan inconveniente.<br \/>La mejor opci\u00f3n siempre es dejarse asesorar por nuestro equipo experto. Despu\u00e9s de una valoraci\u00f3n inicial, determinaremos qu\u00e9 combinaci\u00f3n de tratamientos es la m\u00e1s adecuada para tu caso, garantizando la mejor experiencia y los mejores resultados para tu piel.  <\/p>\n\n<\/div>\n<\/div>\n<\/div>\n<\/div>\n<\/div>\n<\/div><\/div>\n\n<div class=\"gb-container gb-container-ff6aca63\">\n\n<h3 class=\"gb-headline gb-headline-f4f39f18\"><span class=\"gb-icon\"><svg xmlns=\"http:\/\/www.w3.org\/2000\/svg\" aria-hidden=\"true\" role=\"img\" height=\"1em\" width=\"1em\" viewBox=\"0 0 448 512\"><path fill=\"currentColor\" d=\"M16 132h416c8.837 0 16-7.163 16-16V76c0-8.837-7.163-16-16-16H16C7.163 60 0 67.163 0 76v40c0 8.837 7.163 16 16 16zm0 160h416c8.837 0 16-7.163 16-16v-40c0-8.837-7.163-16-16-16H16c-8.837 0-16 7.163-16 16v40c0 8.837 7.163 16 16 16zm0 160h416c8.837 0 16-7.163 16-16v-40c0-8.837-7.163-16-16-16H16c-8.837 0-16 7.163-16 16v40c0 8.837 7.163 16 16 16z\"><\/path><\/svg><\/span><span class=\"gb-headline-text\"><a href=\"https:\/\/sakarabellesa.com\/es\/tratamiento-reafirmante-facial\/\">Sublime Skin<\/a><\/span><\/h3>\n\n\n\n<h3 class=\"gb-headline gb-headline-92b0681f\"><span class=\"gb-icon\"><svg xmlns=\"http:\/\/www.w3.org\/2000\/svg\" aria-hidden=\"true\" role=\"img\" height=\"1em\" width=\"1em\" viewBox=\"0 0 448 512\"><path fill=\"currentColor\" d=\"M16 132h416c8.837 0 16-7.163 16-16V76c0-8.837-7.163-16-16-16H16C7.163 60 0 67.163 0 76v40c0 8.837 7.163 16 16 16zm0 160h416c8.837 0 16-7.163 16-16v-40c0-8.837-7.163-16-16-16H16c-8.837 0-16 7.163-16 16v40c0 8.837 7.163 16 16 16zm0 160h416c8.837 0 16-7.163 16-16v-40c0-8.837-7.163-16-16-16H16c-8.837 0-16 7.163-16 16v40c0 8.837 7.163 16 16 16z\"><\/path><\/svg><\/span><span class=\"gb-headline-text\"><a href=\"https:\/\/sakarabellesa.com\/es\/signature\/\">Signature<\/a><\/span><\/h3>\n\n\n\n<h3 class=\"gb-headline gb-headline-bdad4577\"><span class=\"gb-icon\"><svg xmlns=\"http:\/\/www.w3.org\/2000\/svg\" aria-hidden=\"true\" role=\"img\" height=\"1em\" width=\"1em\" viewBox=\"0 0 448 512\"><path fill=\"currentColor\" d=\"M16 132h416c8.837 0 16-7.163 16-16V76c0-8.837-7.163-16-16-16H16C7.163 60 0 67.163 0 76v40c0 8.837 7.163 16 16 16zm0 160h416c8.837 0 16-7.163 16-16v-40c0-8.837-7.163-16-16-16H16c-8.837 0-16 7.163-16 16v40c0 8.837 7.163 16 16 16zm0 160h416c8.837 0 16-7.163 16-16v-40c0-8.837-7.163-16-16-16H16c-8.837 0-16 7.163-16 16v40c0 8.837 7.163 16 16 16z\"><\/path><\/svg><\/span><span class=\"gb-headline-text\"><a href=\"https:\/\/sakarabellesa.com\/es\/kinesio\/\">Kinesio<\/a><\/span><\/h3>\n\n\n\n<h3 class=\"gb-headline gb-headline-f2639f28\"><span class=\"gb-icon\"><svg xmlns=\"http:\/\/www.w3.org\/2000\/svg\" aria-hidden=\"true\" role=\"img\" height=\"1em\" width=\"1em\" viewBox=\"0 0 448 512\"><path fill=\"currentColor\" d=\"M16 132h416c8.837 0 16-7.163 16-16V76c0-8.837-7.163-16-16-16H16C7.163 60 0 67.163 0 76v40c0 8.837 7.163 16 16 16zm0 160h416c8.837 0 16-7.163 16-16v-40c0-8.837-7.163-16-16-16H16c-8.837 0-16 7.163-16 16v40c0 8.837 7.163 16 16 16zm0 160h416c8.837 0 16-7.163 16-16v-40c0-8.837-7.163-16-16-16H16c-8.837 0-16 7.163-16 16v40c0 8.837 7.163 16 16 16z\"><\/path><\/svg><\/span><span class=\"gb-headline-text\"><a href=\"https:\/\/sakarabellesa.com\/es\/elite\/\">Elite<\/a><\/span><\/h3>\n\n<\/div>","protected":false},"excerpt":{"rendered":"<p> &#8230; <\/p>\n<p class=\"read-more-container\"><a title=\"Sublime Skin\" class=\"read-more button\" href=\"https:\/\/sakarabellesa.com\/es\/tratamiento-reafirmante-facial\/#more-4534\" aria-label=\"Read more about Sublime Skin\">Leer m\u00e1s<\/a><\/p>\n","protected":false},"author":1,"featured_media":4458,"parent":0,"menu_order":0,"comment_status":"closed","ping_status":"closed","template":"","meta":{"footnotes":""},"class_list":["post-4534","page","type-page","status-publish","has-post-thumbnail"],"_links":{"self":[{"href":"https:\/\/sakarabellesa.com\/es\/wp-json\/wp\/v2\/pages\/4534","targetHints":{"allow":["GET"]}}],"collection":[{"href":"https:\/\/sakarabellesa.com\/es\/wp-json\/wp\/v2\/pages"}],"about":[{"href":"https:\/\/sakarabellesa.com\/es\/wp-json\/wp\/v2\/types\/page"}],"author":[{"embeddable":true,"href":"https:\/\/sakarabellesa.com\/es\/wp-json\/wp\/v2\/users\/1"}],"replies":[{"embeddable":true,"href":"https:\/\/sakarabellesa.com\/es\/wp-json\/wp\/v2\/comments?post=4534"}],"version-history":[{"count":15,"href":"https:\/\/sakarabellesa.com\/es\/wp-json\/wp\/v2\/pages\/4534\/revisions"}],"predecessor-version":[{"id":5465,"href":"https:\/\/sakarabellesa.com\/es\/wp-json\/wp\/v2\/pages\/4534\/revisions\/5465"}],"wp:featuredmedia":[{"embeddable":true,"href":"https:\/\/sakarabellesa.com\/es\/wp-json\/wp\/v2\/media\/4458"}],"wp:attachment":[{"href":"https:\/\/sakarabellesa.com\/es\/wp-json\/wp\/v2\/media?parent=4534"}],"curies":[{"name":"wp","href":"https:\/\/api.w.org\/{rel}","templated":true}]}}